{"id":165,"date":"2015-12-14T13:54:09","date_gmt":"2015-12-14T13:54:09","guid":{"rendered":"http:\/\/www.galipagaoglu.com\/?page_id=165"},"modified":"2023-06-19T08:10:02","modified_gmt":"2023-06-19T08:10:02","slug":"uluslararasi-sertifikalar","status":"publish","type":"page","link":"http:\/\/www.galipagaoglu.com\/?page_id=165","title":{"rendered":"Uluslararas\u0131 Sertifikalar"},"content":{"rendered":"<ul>\n<li><a href=\"http:\/\/www.galipagaoglu.com\/wp-content\/uploads\/2015\/12\/EBOPRAS.jpg\" target=\"_blank\" rel=\"noopener\"><strong>EBOPRAS<\/strong> (Avrupa Estetik Plastik ve Rekonstr\u00fcktif Cerrahi Board Sertifikas\u0131)<\/a><\/li>\n<li><a href=\"http:\/\/www.galipagaoglu.com\/wp-content\/uploads\/2015\/12\/ECFMG.jpg\" target=\"_blank\" rel=\"noopener\"><strong>ECFMG<\/strong> (Amerikan T\u0131p Yeterlilik Sertifikas\u0131)<\/a><\/li>\n<li><strong>USMLE STEP 3<\/strong> (ABD\u2019de K\u0131s\u0131tlanmam\u0131\u015f Eyalet Lisans\u0131 Belgesi) (Unrestricted Full Medical License)<\/li>\n<\/ul>\n","protected":false},"excerpt":{"rendered":"<p>EBOPRAS (Avrupa Estetik Plastik ve Rekonstr\u00fcktif Cerrahi Board Sertifikas\u0131) ECFMG (Amerikan T\u0131p Yeterlilik Sertifikas\u0131) USMLE STEP 3 (ABD\u2019de K\u0131s\u0131tlanmam\u0131\u015f Eyalet Lisans\u0131 Belgesi) (Unrestricted Full Medical License)<\/p>\n","protected":false},"author":2,"featured_media":0,"parent":0,"menu_order":0,"comment_status":"closed","ping_status":"closed","template":"","meta":[],"_links":{"self":[{"href":"http:\/\/www.galipagaoglu.com\/index.php?rest_route=\/wp\/v2\/pages\/165"}],"collection":[{"href":"http:\/\/www.galipagaoglu.com\/index.php?rest_route=\/wp\/v2\/pages"}],"about":[{"href":"http:\/\/www.galipagaoglu.com\/index.php?rest_route=\/wp\/v2\/types\/page"}],"author":[{"embeddable":true,"href":"http:\/\/www.galipagaoglu.com\/index.php?rest_route=\/wp\/v2\/users\/2"}],"replies":[{"embeddable":true,"href":"http:\/\/www.galipagaoglu.com\/index.php?rest_route=%2Fwp%2Fv2%2Fcomments&post=165"}],"version-history":[{"count":20,"href":"http:\/\/www.galipagaoglu.com\/index.php?rest_route=\/wp\/v2\/pages\/165\/revisions"}],"predecessor-version":[{"id":576,"href":"http:\/\/www.galipagaoglu.com\/index.php?rest_route=\/wp\/v2\/pages\/165\/revisions\/576"}],"wp:attachment":[{"href":"http:\/\/www.galipagaoglu.com\/index.php?rest_route=%2Fwp%2Fv2%2Fmedia&parent=165"}],"curies":[{"name":"wp","href":"https:\/\/api.w.org\/{rel}","templated":true}]}}