{"id":51,"date":"2015-12-10T12:38:08","date_gmt":"2015-12-10T12:38:08","guid":{"rendered":"http:\/\/www.galipagaoglu.com\/?page_id=51"},"modified":"2015-12-25T17:06:01","modified_gmt":"2015-12-25T17:06:01","slug":"estetik-ameliyatlari","status":"publish","type":"page","link":"http:\/\/www.galipagaoglu.com\/?page_id=51","title":{"rendered":"Estetik Ameliyatlar\u0131"},"content":{"rendered":"<ul>\n<li>Burun Esteti\u011fi\n<ul>\n<li><a href=\"http:\/\/www.galipagaoglu.com\/?p=428\" target=\"_blank\">Estetik Burun Ameliyat\u0131<\/a><\/li>\n<li><a href=\"http:\/\/www.galipagaoglu.com\/?p=443\" target=\"_blank\">Sekonder Burun Ameliyat\u0131<\/a><\/li>\n<\/ul>\n<\/li>\n<li>Meme Esteti\u011fi\n<ul>\n<li><a href=\"http:\/\/www.galipagaoglu.com\/?p=79\" target=\"_blank\">Meme B\u00fcy\u00fctme<\/a><\/li>\n<li><a href=\"http:\/\/www.galipagaoglu.com\/?p=84\" target=\"_blank\">Meme Dikle\u015ftirme<\/a><\/li>\n<li><a href=\"http:\/\/www.galipagaoglu.com\/?p=87\" target=\"_blank\">Meme K\u00fc\u00e7\u00fcltme<\/a><\/li>\n<li><a href=\"http:\/\/www.galipagaoglu.com\/?p=100\" target=\"_blank\">Meme Rekonstr\u00fcksiyonu<\/a><\/li>\n<li><a href=\"http:\/\/www.galipagaoglu.com\/?p=106\" target=\"_blank\">Jinekomasti (Erkeklerde Meme Esteti\u011fi)<\/a><\/li>\n<\/ul>\n<\/li>\n<li>Y\u00fcz\u00a0Esteti\u011fi\n<ul>\n<li><a href=\"http:\/\/www.galipagaoglu.com\/?p=173\" target=\"_blank\">Y\u00fcz Germe<\/a><\/li>\n<li><a href=\"http:\/\/www.galipagaoglu.com\/?p=198\" target=\"_blank\">Orta Y\u00fcz ve Boyun Germe<\/a><\/li>\n<li><a href=\"http:\/\/www.galipagaoglu.com\/?p=216\" target=\"_blank\">\u015eakak Germe<\/a><\/li>\n<li><a href=\"http:\/\/www.galipagaoglu.com\/?p=219\" target=\"_blank\">Ya\u011f Enjeksiyonu ve Doku Kokteyli<\/a><\/li>\n<li><a href=\"http:\/\/www.galipagaoglu.com\/?p=431\" target=\"_blank\">G\u00f6z Esteti\u011fi<\/a><\/li>\n<li><a href=\"http:\/\/www.galipagaoglu.com\/?p=120\" target=\"_blank\">Kulak Esteti\u011fi<\/a><\/li>\n<\/ul>\n<\/li>\n<li>V\u00fccut Esteti\u011fi\n<ul>\n<li><a href=\"http:\/\/www.galipagaoglu.com\/?p=222\" target=\"_blank\">Liposuction\u00a0&amp;\u00a0Vazer Liposuction<\/a><\/li>\n<li><a href=\"http:\/\/www.galipagaoglu.com\/?p=228\" target=\"_blank\">Kar\u0131n Germe<\/a><\/li>\n<li><a href=\"http:\/\/www.galipagaoglu.com\/?p=234\" target=\"_blank\">Kol Germe<\/a><\/li>\n<li><a href=\"http:\/\/www.galipagaoglu.com\/?p=237\" target=\"_blank\">Uyluk Germ<\/a><\/li>\n<li><a href=\"http:\/\/www.galipagaoglu.com\/?p=259\" target=\"_blank\">Bacak Esteti\u011f<\/a>i<\/li>\n<\/ul>\n<\/li>\n<\/ul>\n","protected":false},"excerpt":{"rendered":"<p>Burun Esteti\u011fi Estetik Burun Ameliyat\u0131 Sekonder Burun Ameliyat\u0131 Meme Esteti\u011fi Meme B\u00fcy\u00fctme Meme Dikle\u015ftirme Meme K\u00fc\u00e7\u00fcltme Meme Rekonstr\u00fcksiyonu Jinekomasti (Erkeklerde Meme Esteti\u011fi) Y\u00fcz\u00a0Esteti\u011fi Y\u00fcz Germe Orta Y\u00fcz ve Boyun Germe \u015eakak Germe Ya\u011f Enjeksiyonu ve Doku Kokteyli G\u00f6z Esteti\u011fi Kulak Esteti\u011fi V\u00fccut Esteti\u011fi Liposuction\u00a0&amp;\u00a0Vazer Liposuction Kar\u0131n Germe Kol Germe Uyluk Germ Bacak Esteti\u011fi<\/p>\n","protected":false},"author":2,"featured_media":0,"parent":0,"menu_order":0,"comment_status":"closed","ping_status":"closed","template":"","meta":[],"_links":{"self":[{"href":"http:\/\/www.galipagaoglu.com\/index.php?rest_route=\/wp\/v2\/pages\/51"}],"collection":[{"href":"http:\/\/www.galipagaoglu.com\/index.php?rest_route=\/wp\/v2\/pages"}],"about":[{"href":"http:\/\/www.galipagaoglu.com\/index.php?rest_route=\/wp\/v2\/types\/page"}],"author":[{"embeddable":true,"href":"http:\/\/www.galipagaoglu.com\/index.php?rest_route=\/wp\/v2\/users\/2"}],"replies":[{"embeddable":true,"href":"http:\/\/www.galipagaoglu.com\/index.php?rest_route=%2Fwp%2Fv2%2Fcomments&post=51"}],"version-history":[{"count":39,"href":"http:\/\/www.galipagaoglu.com\/index.php?rest_route=\/wp\/v2\/pages\/51\/revisions"}],"predecessor-version":[{"id":485,"href":"http:\/\/www.galipagaoglu.com\/index.php?rest_route=\/wp\/v2\/pages\/51\/revisions\/485"}],"wp:attachment":[{"href":"http:\/\/www.galipagaoglu.com\/index.php?rest_route=%2Fwp%2Fv2%2Fmedia&parent=51"}],"curies":[{"name":"wp","href":"https:\/\/api.w.org\/{rel}","templated":true}]}}