{"id":55,"date":"2015-12-10T12:39:49","date_gmt":"2015-12-10T12:39:49","guid":{"rendered":"http:\/\/www.galipagaoglu.com\/?page_id=55"},"modified":"2015-12-11T11:21:11","modified_gmt":"2015-12-11T11:21:11","slug":"meme-estetigi","status":"publish","type":"page","link":"http:\/\/www.galipagaoglu.com\/?page_id=55","title":{"rendered":"Meme Esteti\u011fi"},"content":{"rendered":"<ul>\n<li><a href=\"http:\/\/www.galipagaoglu.com\/?p=79\" target=\"_blank\">Meme B\u00fcy\u00fctme<\/a><\/li>\n<li><a href=\"http:\/\/www.galipagaoglu.com\/?p=84\" target=\"_blank\">Meme Dikle\u015ftirme<\/a><\/li>\n<li><a href=\"http:\/\/www.galipagaoglu.com\/?p=87\" target=\"_blank\">Meme K\u00fc\u00e7\u00fcltme<\/a><\/li>\n<li><a href=\"http:\/\/www.galipagaoglu.com\/?p=100\" target=\"_blank\">Meme Rekonstr\u00fcksyon<\/a><\/li>\n<li><a href=\"http:\/\/www.galipagaoglu.com\/?p=106\" target=\"_blank\">Jinekomasti (Erkeklerde Meme Esteti\u011fi)<\/a><\/li>\n<\/ul>\n","protected":false},"excerpt":{"rendered":"<p>Meme B\u00fcy\u00fctme Meme Dikle\u015ftirme Meme K\u00fc\u00e7\u00fcltme Meme Rekonstr\u00fcksyon Jinekomasti (Erkeklerde Meme Esteti\u011fi)<\/p>\n","protected":false},"author":2,"featured_media":0,"parent":51,"menu_order":0,"comment_status":"closed","ping_status":"closed","template":"","meta":[],"_links":{"self":[{"href":"http:\/\/www.galipagaoglu.com\/index.php?rest_route=\/wp\/v2\/pages\/55"}],"collection":[{"href":"http:\/\/www.galipagaoglu.com\/index.php?rest_route=\/wp\/v2\/pages"}],"about":[{"href":"http:\/\/www.galipagaoglu.com\/index.php?rest_route=\/wp\/v2\/types\/page"}],"author":[{"embeddable":true,"href":"http:\/\/www.galipagaoglu.com\/index.php?rest_route=\/wp\/v2\/users\/2"}],"replies":[{"embeddable":true,"href":"http:\/\/www.galipagaoglu.com\/index.php?rest_route=%2Fwp%2Fv2%2Fcomments&post=55"}],"version-history":[{"count":9,"href":"http:\/\/www.galipagaoglu.com\/index.php?rest_route=\/wp\/v2\/pages\/55\/revisions"}],"predecessor-version":[{"id":109,"href":"http:\/\/www.galipagaoglu.com\/index.php?rest_route=\/wp\/v2\/pages\/55\/revisions\/109"}],"up":[{"embeddable":true,"href":"http:\/\/www.galipagaoglu.com\/index.php?rest_route=\/wp\/v2\/pages\/51"}],"wp:attachment":[{"href":"http:\/\/www.galipagaoglu.com\/index.php?rest_route=%2Fwp%2Fv2%2Fmedia&parent=55"}],"curies":[{"name":"wp","href":"https:\/\/api.w.org\/{rel}","templated":true}]}}