{"id":66,"date":"2015-12-10T12:56:59","date_gmt":"2015-12-10T12:56:59","guid":{"rendered":"http:\/\/www.galipagaoglu.com\/?page_id=66"},"modified":"2015-12-22T16:50:28","modified_gmt":"2015-12-22T16:50:28","slug":"yuz-estetigi","status":"publish","type":"page","link":"http:\/\/www.galipagaoglu.com\/?page_id=66","title":{"rendered":"Y\u00fcz Esteti\u011fi"},"content":{"rendered":"<ul>\n<li><a href=\"http:\/\/www.galipagaoglu.com\/?p=173\" target=\"_blank\">Y\u00fcz Germe<\/a><\/li>\n<li><a href=\"http:\/\/www.galipagaoglu.com\/?p=198\" target=\"_blank\">Orta Y\u00fcz ve Boyun Germe<\/a><\/li>\n<li><a href=\"http:\/\/www.galipagaoglu.com\/?p=216\" target=\"_blank\">\u015eakak Germe<\/a><\/li>\n<li><a href=\"http:\/\/www.galipagaoglu.com\/?p=219\" target=\"_blank\">Ya\u011f Enjeksiyonu\u00a0&amp; Doku Kokteyli<\/a><\/li>\n<li><a href=\"http:\/\/www.galipagaoglu.com\/?p=431\" target=\"_blank\">G\u00f6z Esteti\u011fi<\/a><\/li>\n<li><a href=\"http:\/\/www.galipagaoglu.com\/?p=120\" target=\"_blank\">Kulak Esteti\u011fi<\/a><\/li>\n<li><a href=\"http:\/\/www.galipagaoglu.com\/?p=428\" target=\"_blank\">Burun Esteti\u011fi<\/a><\/li>\n<\/ul>\n","protected":false},"excerpt":{"rendered":"<p>Y\u00fcz Germe Orta Y\u00fcz ve Boyun Germe \u015eakak Germe Ya\u011f Enjeksiyonu\u00a0&amp; Doku Kokteyli G\u00f6z Esteti\u011fi Kulak Esteti\u011fi Burun Esteti\u011fi<\/p>\n","protected":false},"author":2,"featured_media":0,"parent":51,"menu_order":0,"comment_status":"closed","ping_status":"closed","template":"","meta":[],"_links":{"self":[{"href":"http:\/\/www.galipagaoglu.com\/index.php?rest_route=\/wp\/v2\/pages\/66"}],"collection":[{"href":"http:\/\/www.galipagaoglu.com\/index.php?rest_route=\/wp\/v2\/pages"}],"about":[{"href":"http:\/\/www.galipagaoglu.com\/index.php?rest_route=\/wp\/v2\/types\/page"}],"author":[{"embeddable":true,"href":"http:\/\/www.galipagaoglu.com\/index.php?rest_route=\/wp\/v2\/users\/2"}],"replies":[{"embeddable":true,"href":"http:\/\/www.galipagaoglu.com\/index.php?rest_route=%2Fwp%2Fv2%2Fcomments&post=66"}],"version-history":[{"count":15,"href":"http:\/\/www.galipagaoglu.com\/index.php?rest_route=\/wp\/v2\/pages\/66\/revisions"}],"predecessor-version":[{"id":438,"href":"http:\/\/www.galipagaoglu.com\/index.php?rest_route=\/wp\/v2\/pages\/66\/revisions\/438"}],"up":[{"embeddable":true,"href":"http:\/\/www.galipagaoglu.com\/index.php?rest_route=\/wp\/v2\/pages\/51"}],"wp:attachment":[{"href":"http:\/\/www.galipagaoglu.com\/index.php?rest_route=%2Fwp%2Fv2%2Fmedia&parent=66"}],"curies":[{"name":"wp","href":"https:\/\/api.w.org\/{rel}","templated":true}]}}